{"id":130,"date":"2022-07-18T16:22:42","date_gmt":"2022-07-18T19:22:42","guid":{"rendered":"https:\/\/www.agon.esp.br\/?page_id=130"},"modified":"2023-05-25T15:10:28","modified_gmt":"2023-05-25T18:10:28","slug":"historia","status":"publish","type":"page","link":"https:\/\/www.agon.esp.br\/en_us\/historia\/","title":{"rendered":"About Us"},"content":{"rendered":"<section class=\"wpb_row   w-animate\"><div class=\"wpb_column vc_column_container vc_col-sm-3\"><div class=\"vc_column-inner\"><div class=\"wpb_wrapper\">\n\t<div  class=\"wpb_single_image wpb_content_element vc_align_center\">\n\t\t\n\t\t<figure class=\"wpb_wrapper vc_figure\">\n\t\t\t<div class=\"vc_single_image-wrapper vc_box_rounded  vc_box_border_grey\"><img loading=\"lazy\" decoding=\"async\" width=\"258\" height=\"229\" src=\"https:\/\/www.agon.esp.br\/wp-content\/uploads\/2022\/07\/roberto.jpg\" class=\"vc_single_image-img attachment-full\" alt=\"\" title=\"roberto\" \/><\/div>\n\t\t<\/figure>\n\t<\/div>\n\n\t<div class=\"wpb_text_column wpb_content_element\" >\n\t\t<div class=\"wpb_wrapper\">\n\t\t\t<h5 style=\"text-align: center; margin-bottom: 0px; margin-top: 10px;\"><strong>Roberto Pugliese Jr.<\/strong><\/h5>\n<p style=\"text-align: center;\">Partner and Representative of Ag\u00f4n Sports Business<\/p>\n<p><i class=\"icon-envelope\" style=\" font-size:14px; color:#d3b719;\"><\/i> <a href=\"mailto:pugliese@agon.esp.br\" target=\"_blank\" rel=\"noopener\">pugliese@agon.esp.br<\/a><br \/>\n<i class=\"icon-phone\" style=\" font-size:14px; color:#d3b719;\"><\/i> 47 99972-0595<\/p>\n\n\t\t<\/div>\n\t<\/div>\n<\/div><\/div><\/div><div class=\"wpb_column vc_column_container vc_col-sm-3\"><div class=\"vc_column-inner\"><div class=\"wpb_wrapper\">\n\t<div  class=\"wpb_single_image wpb_content_element vc_align_center\">\n\t\t\n\t\t<figure class=\"wpb_wrapper vc_figure\">\n\t\t\t<div class=\"vc_single_image-wrapper vc_box_rounded  vc_box_border_grey\"><img loading=\"lazy\" decoding=\"async\" width=\"258\" height=\"229\" src=\"https:\/\/www.agon.esp.br\/wp-content\/uploads\/2022\/07\/arthur.jpg\" class=\"vc_single_image-img attachment-full\" alt=\"\" title=\"arthur\" \/><\/div>\n\t\t<\/figure>\n\t<\/div>\n\n\t<div class=\"wpb_text_column wpb_content_element\" >\n\t\t<div class=\"wpb_wrapper\">\n\t\t\t<h5 style=\"text-align: center; margin-bottom: 0px; margin-top: 10px;\"><strong>Arthur S. Berndt<\/strong><\/h5>\n<p style=\"text-align: center;\">Partner and Representative of Ag\u00f4n Sports Business<\/p>\n<p><i class=\"icon-envelope\" style=\" font-size:14px; color:#d3b719;\"><\/i> <a href=\"mailto:arthur@agon.esp.br\" target=\"_blank\" rel=\"noopener\">arthur@agon.esp.br<\/a><br \/>\n<i class=\"icon-phone\" style=\" font-size:14px; color:#d3b719;\"><\/i> 47 99155-7128<\/p>\n\n\t\t<\/div>\n\t<\/div>\n<\/div><\/div><\/div><div class=\"wpb_column vc_column_container vc_col-sm-6\"><div class=\"vc_column-inner\"><div class=\"wpb_wrapper\">\n\t<div class=\"wpb_text_column wpb_content_element\" >\n\t\t<div class=\"wpb_wrapper\">\n\t\t\t<h3 style=\"text-align: center;\"><span style=\"color: #d3b719;\">About Us<\/span><\/h3>\n<p style=\"text-align: justify;\">Sports business agency founded in 2009, dedicated to athlete career management and sports marketing, based in Joinville\/SC.<\/p>\n<p style=\"text-align: justify;\">Acts in agency, image management, communication, marketing &amp; business and legal advice to athletes, focusing on experience in the futsal market, with operations, customers and partners in various parts of Brazil and the world.<\/p>\n\n\t\t<\/div>\n\t<\/div>\n<\/div><\/div><\/div><\/section>","protected":false},"excerpt":{"rendered":"Roberto Pugliese Jr. S\u00f3cio e Representante da Ag\u00f4n Sports Business pugliese@agon.esp.br 47 99972-0595 Arthur S. Berndt S\u00f3cio e Representante da Ag\u00f4n Sports Business arthur@agon.esp.br 47 99155-7128 Quem somos? Ag\u00eancia de neg\u00f3cios do esporte fundada em 2009, dedicada ao gerenciamento de carreira de atletas e marketing esportivo, com sede em Joinville\/SC. Atua no agenciamento, gerenciamento da imagem, comunica\u00e7\u00e3o, marketing &amp; neg\u00f3cios e consultoria jur\u00eddica a atletas, com foco em experi\u00eancia no mercado do futsal, com atua\u00e7\u00e3o, clientes e parceiros em diversos pontos do Brasil e do mundo.","protected":false},"author":1,"featured_media":0,"parent":0,"menu_order":0,"comment_status":"closed","ping_status":"closed","template":"","meta":{"footnotes":""},"class_list":["post-130","page","type-page","status-publish","hentry"],"_links":{"self":[{"href":"https:\/\/www.agon.esp.br\/en_us\/wp-json\/wp\/v2\/pages\/130","targetHints":{"allow":["GET"]}}],"collection":[{"href":"https:\/\/www.agon.esp.br\/en_us\/wp-json\/wp\/v2\/pages"}],"about":[{"href":"https:\/\/www.agon.esp.br\/en_us\/wp-json\/wp\/v2\/types\/page"}],"author":[{"embeddable":true,"href":"https:\/\/www.agon.esp.br\/en_us\/wp-json\/wp\/v2\/users\/1"}],"replies":[{"embeddable":true,"href":"https:\/\/www.agon.esp.br\/en_us\/wp-json\/wp\/v2\/comments?post=130"}],"version-history":[{"count":8,"href":"https:\/\/www.agon.esp.br\/en_us\/wp-json\/wp\/v2\/pages\/130\/revisions"}],"predecessor-version":[{"id":554,"href":"https:\/\/www.agon.esp.br\/en_us\/wp-json\/wp\/v2\/pages\/130\/revisions\/554"}],"wp:attachment":[{"href":"https:\/\/www.agon.esp.br\/en_us\/wp-json\/wp\/v2\/media?parent=130"}],"curies":[{"name":"wp","href":"https:\/\/api.w.org\/{rel}","templated":true}]}}